{"id":1629,"date":"2024-04-26T16:05:44","date_gmt":"2024-04-26T13:05:44","guid":{"rendered":"https:\/\/www.gelatoladies.ee\/toode\/uudelleenkaytettava-juomakuppi\/"},"modified":"2024-04-26T16:05:44","modified_gmt":"2024-04-26T13:05:44","slug":"uudelleenkaytettava-juomakuppi","status":"publish","type":"product","link":"https:\/\/www.gelatoladies.ee\/fi\/tuote\/uudelleenkaytettava-juomakuppi\/","title":{"rendered":"Uudelleenk\u00e4ytett\u00e4v\u00e4 juomakuppi"},"content":{"rendered":"<p>Kaunis ja k\u00e4ytt\u00e4j\u00e4yst\u00e4v\u00e4llinen juomakuppi s\u00e4rkym\u00e4tt\u00f6m\u00e4st\u00e4 lasista. Legendaarinen KeepCup, joka on ainutlaatuinen, koska se on tehty erikoistilauksesta logollamme ja vain meid\u00e4n myym\u00e4. P.S. Sopii my\u00f6s gelaton nauttimiseen \ud83d\ude42  <\/p>\n","protected":false},"excerpt":{"rendered":"<p>Kaunis ja k\u00e4ytt\u00e4j\u00e4yst\u00e4v\u00e4llinen juomakuppi s\u00e4rkym\u00e4tt\u00f6m\u00e4st\u00e4 lasista. Legendaarinen KeepCup, joka on ainutlaatuinen, koska se on tehty erikoistilauksesta logollamme ja vain meid\u00e4n myym\u00e4. P.S. Sopii my\u00f6s gelaton nauttimiseen \ud83d\ude42<\/p>\n","protected":false},"featured_media":719,"template":"","meta":{"inline_featured_image":false},"product_brand":[],"product_cat":[60],"product_tag":[],"class_list":{"0":"post-1629","1":"product","2":"type-product","3":"status-publish","4":"has-post-thumbnail","6":"product_cat-lahjat","8":"first","9":"instock","10":"taxable","11":"shipping-taxable","12":"purchasable","13":"product-type-simple"},"yoast_head":"<!-- This site is optimized with the Yoast SEO plugin v27.3 - https:\/\/yoast.com\/product\/yoast-seo-wordpress\/ -->\n<title>Uudelleenk\u00e4ytett\u00e4v\u00e4 juomakuppi - Gelato Ladies<\/title>\n<meta name=\"robots\" content=\"index, follow, max-snippet:-1, max-image-preview:large, max-video-preview:-1\" \/>\n<link rel=\"canonical\" href=\"https:\/\/www.gelatoladies.ee\/fi\/tuote\/uudelleenkaytettava-juomakuppi\/\" \/>\n<meta property=\"og:locale\" content=\"fi_FI\" \/>\n<meta property=\"og:type\" content=\"article\" \/>\n<meta property=\"og:title\" content=\"Uudelleenk\u00e4ytett\u00e4v\u00e4 juomakuppi - Gelato Ladies\" \/>\n<meta property=\"og:description\" content=\"Kaunis ja k\u00e4ytt\u00e4j\u00e4yst\u00e4v\u00e4llinen juomakuppi s\u00e4rkym\u00e4tt\u00f6m\u00e4st\u00e4 lasista. Legendaarinen KeepCup, joka on ainutlaatuinen, koska se on tehty erikoistilauksesta logollamme ja vain meid\u00e4n myym\u00e4. P.S. Sopii my\u00f6s gelaton nauttimiseen \ud83d\ude42\" \/>\n<meta property=\"og:url\" content=\"https:\/\/www.gelatoladies.ee\/fi\/tuote\/uudelleenkaytettava-juomakuppi\/\" \/>\n<meta property=\"og:site_name\" content=\"Gelato Ladies\" \/>\n<meta property=\"og:image\" content=\"https:\/\/www.gelatoladies.ee\/wp-content\/uploads\/2024\/04\/GL-KeepCup-scaled.jpeg\" \/>\n\t<meta property=\"og:image:width\" content=\"2560\" \/>\n\t<meta property=\"og:image:height\" content=\"2560\" \/>\n\t<meta property=\"og:image:type\" content=\"image\/jpeg\" \/>\n<meta name=\"twitter:card\" content=\"summary_large_image\" \/>\n<script type=\"application\/ld+json\" class=\"yoast-schema-graph\">{\"@context\":\"https:\\\/\\\/schema.org\",\"@graph\":[{\"@type\":\"WebPage\",\"@id\":\"https:\\\/\\\/www.gelatoladies.ee\\\/fi\\\/tuote\\\/uudelleenkaytettava-juomakuppi\\\/\",\"url\":\"https:\\\/\\\/www.gelatoladies.ee\\\/fi\\\/tuote\\\/uudelleenkaytettava-juomakuppi\\\/\",\"name\":\"Uudelleenk\u00e4ytett\u00e4v\u00e4 juomakuppi - Gelato Ladies\",\"isPartOf\":{\"@id\":\"https:\\\/\\\/www.gelatoladies.ee\\\/fi\\\/#website\"},\"primaryImageOfPage\":{\"@id\":\"https:\\\/\\\/www.gelatoladies.ee\\\/fi\\\/tuote\\\/uudelleenkaytettava-juomakuppi\\\/#primaryimage\"},\"image\":{\"@id\":\"https:\\\/\\\/www.gelatoladies.ee\\\/fi\\\/tuote\\\/uudelleenkaytettava-juomakuppi\\\/#primaryimage\"},\"thumbnailUrl\":\"https:\\\/\\\/www.gelatoladies.ee\\\/wp-content\\\/uploads\\\/2024\\\/04\\\/GL-KeepCup-scaled.jpeg\",\"datePublished\":\"2024-04-26T13:05:44+00:00\",\"breadcrumb\":{\"@id\":\"https:\\\/\\\/www.gelatoladies.ee\\\/fi\\\/tuote\\\/uudelleenkaytettava-juomakuppi\\\/#breadcrumb\"},\"inLanguage\":\"fi\",\"potentialAction\":[{\"@type\":\"ReadAction\",\"target\":[\"https:\\\/\\\/www.gelatoladies.ee\\\/fi\\\/tuote\\\/uudelleenkaytettava-juomakuppi\\\/\"]}]},{\"@type\":\"ImageObject\",\"inLanguage\":\"fi\",\"@id\":\"https:\\\/\\\/www.gelatoladies.ee\\\/fi\\\/tuote\\\/uudelleenkaytettava-juomakuppi\\\/#primaryimage\",\"url\":\"https:\\\/\\\/www.gelatoladies.ee\\\/wp-content\\\/uploads\\\/2024\\\/04\\\/GL-KeepCup-scaled.jpeg\",\"contentUrl\":\"https:\\\/\\\/www.gelatoladies.ee\\\/wp-content\\\/uploads\\\/2024\\\/04\\\/GL-KeepCup-scaled.jpeg\",\"width\":2560,\"height\":2560},{\"@type\":\"BreadcrumbList\",\"@id\":\"https:\\\/\\\/www.gelatoladies.ee\\\/fi\\\/tuote\\\/uudelleenkaytettava-juomakuppi\\\/#breadcrumb\",\"itemListElement\":[{\"@type\":\"ListItem\",\"position\":1,\"name\":\"Home\",\"item\":\"https:\\\/\\\/www.gelatoladies.ee\\\/fi\\\/etusivu\\\/\"},{\"@type\":\"ListItem\",\"position\":2,\"name\":\"Kauppa\",\"item\":\"https:\\\/\\\/www.gelatoladies.ee\\\/fi\\\/kauppa\\\/\"},{\"@type\":\"ListItem\",\"position\":3,\"name\":\"Uudelleenk\u00e4ytett\u00e4v\u00e4 juomakuppi\"}]},{\"@type\":\"WebSite\",\"@id\":\"https:\\\/\\\/www.gelatoladies.ee\\\/fi\\\/#website\",\"url\":\"https:\\\/\\\/www.gelatoladies.ee\\\/fi\\\/\",\"name\":\"Gelato Ladies\",\"description\":\"J\u00e4\u00e4tisekohvik Tallinnas\",\"publisher\":{\"@id\":\"https:\\\/\\\/www.gelatoladies.ee\\\/fi\\\/#organization\"},\"potentialAction\":[{\"@type\":\"SearchAction\",\"target\":{\"@type\":\"EntryPoint\",\"urlTemplate\":\"https:\\\/\\\/www.gelatoladies.ee\\\/fi\\\/?s={search_term_string}\"},\"query-input\":{\"@type\":\"PropertyValueSpecification\",\"valueRequired\":true,\"valueName\":\"search_term_string\"}}],\"inLanguage\":\"fi\"},{\"@type\":\"Organization\",\"@id\":\"https:\\\/\\\/www.gelatoladies.ee\\\/fi\\\/#organization\",\"name\":\"Gelato Ladies\",\"url\":\"https:\\\/\\\/www.gelatoladies.ee\\\/fi\\\/\",\"logo\":{\"@type\":\"ImageObject\",\"inLanguage\":\"fi\",\"@id\":\"https:\\\/\\\/www.gelatoladies.ee\\\/fi\\\/#\\\/schema\\\/logo\\\/image\\\/\",\"url\":\"https:\\\/\\\/www.gelatoladies.ee\\\/wp-content\\\/uploads\\\/2024\\\/04\\\/gelato-ladies-vektor.svg\",\"contentUrl\":\"https:\\\/\\\/www.gelatoladies.ee\\\/wp-content\\\/uploads\\\/2024\\\/04\\\/gelato-ladies-vektor.svg\",\"caption\":\"Gelato Ladies\"},\"image\":{\"@id\":\"https:\\\/\\\/www.gelatoladies.ee\\\/fi\\\/#\\\/schema\\\/logo\\\/image\\\/\"}}]}<\/script>\n<!-- \/ Yoast SEO plugin. -->","yoast_head_json":{"title":"Uudelleenk\u00e4ytett\u00e4v\u00e4 juomakuppi - Gelato Ladies","robots":{"index":"index","follow":"follow","max-snippet":"max-snippet:-1","max-image-preview":"max-image-preview:large","max-video-preview":"max-video-preview:-1"},"canonical":"https:\/\/www.gelatoladies.ee\/fi\/tuote\/uudelleenkaytettava-juomakuppi\/","og_locale":"fi_FI","og_type":"article","og_title":"Uudelleenk\u00e4ytett\u00e4v\u00e4 juomakuppi - Gelato Ladies","og_description":"Kaunis ja k\u00e4ytt\u00e4j\u00e4yst\u00e4v\u00e4llinen juomakuppi s\u00e4rkym\u00e4tt\u00f6m\u00e4st\u00e4 lasista. Legendaarinen KeepCup, joka on ainutlaatuinen, koska se on tehty erikoistilauksesta logollamme ja vain meid\u00e4n myym\u00e4. P.S. Sopii my\u00f6s gelaton nauttimiseen \ud83d\ude42","og_url":"https:\/\/www.gelatoladies.ee\/fi\/tuote\/uudelleenkaytettava-juomakuppi\/","og_site_name":"Gelato Ladies","og_image":[{"width":2560,"height":2560,"url":"https:\/\/www.gelatoladies.ee\/wp-content\/uploads\/2024\/04\/GL-KeepCup-scaled.jpeg","type":"image\/jpeg"}],"twitter_card":"summary_large_image","schema":{"@context":"https:\/\/schema.org","@graph":[{"@type":"WebPage","@id":"https:\/\/www.gelatoladies.ee\/fi\/tuote\/uudelleenkaytettava-juomakuppi\/","url":"https:\/\/www.gelatoladies.ee\/fi\/tuote\/uudelleenkaytettava-juomakuppi\/","name":"Uudelleenk\u00e4ytett\u00e4v\u00e4 juomakuppi - Gelato Ladies","isPartOf":{"@id":"https:\/\/www.gelatoladies.ee\/fi\/#website"},"primaryImageOfPage":{"@id":"https:\/\/www.gelatoladies.ee\/fi\/tuote\/uudelleenkaytettava-juomakuppi\/#primaryimage"},"image":{"@id":"https:\/\/www.gelatoladies.ee\/fi\/tuote\/uudelleenkaytettava-juomakuppi\/#primaryimage"},"thumbnailUrl":"https:\/\/www.gelatoladies.ee\/wp-content\/uploads\/2024\/04\/GL-KeepCup-scaled.jpeg","datePublished":"2024-04-26T13:05:44+00:00","breadcrumb":{"@id":"https:\/\/www.gelatoladies.ee\/fi\/tuote\/uudelleenkaytettava-juomakuppi\/#breadcrumb"},"inLanguage":"fi","potentialAction":[{"@type":"ReadAction","target":["https:\/\/www.gelatoladies.ee\/fi\/tuote\/uudelleenkaytettava-juomakuppi\/"]}]},{"@type":"ImageObject","inLanguage":"fi","@id":"https:\/\/www.gelatoladies.ee\/fi\/tuote\/uudelleenkaytettava-juomakuppi\/#primaryimage","url":"https:\/\/www.gelatoladies.ee\/wp-content\/uploads\/2024\/04\/GL-KeepCup-scaled.jpeg","contentUrl":"https:\/\/www.gelatoladies.ee\/wp-content\/uploads\/2024\/04\/GL-KeepCup-scaled.jpeg","width":2560,"height":2560},{"@type":"BreadcrumbList","@id":"https:\/\/www.gelatoladies.ee\/fi\/tuote\/uudelleenkaytettava-juomakuppi\/#breadcrumb","itemListElement":[{"@type":"ListItem","position":1,"name":"Home","item":"https:\/\/www.gelatoladies.ee\/fi\/etusivu\/"},{"@type":"ListItem","position":2,"name":"Kauppa","item":"https:\/\/www.gelatoladies.ee\/fi\/kauppa\/"},{"@type":"ListItem","position":3,"name":"Uudelleenk\u00e4ytett\u00e4v\u00e4 juomakuppi"}]},{"@type":"WebSite","@id":"https:\/\/www.gelatoladies.ee\/fi\/#website","url":"https:\/\/www.gelatoladies.ee\/fi\/","name":"Gelato Ladies","description":"J\u00e4\u00e4tisekohvik Tallinnas","publisher":{"@id":"https:\/\/www.gelatoladies.ee\/fi\/#organization"},"potentialAction":[{"@type":"SearchAction","target":{"@type":"EntryPoint","urlTemplate":"https:\/\/www.gelatoladies.ee\/fi\/?s={search_term_string}"},"query-input":{"@type":"PropertyValueSpecification","valueRequired":true,"valueName":"search_term_string"}}],"inLanguage":"fi"},{"@type":"Organization","@id":"https:\/\/www.gelatoladies.ee\/fi\/#organization","name":"Gelato Ladies","url":"https:\/\/www.gelatoladies.ee\/fi\/","logo":{"@type":"ImageObject","inLanguage":"fi","@id":"https:\/\/www.gelatoladies.ee\/fi\/#\/schema\/logo\/image\/","url":"https:\/\/www.gelatoladies.ee\/wp-content\/uploads\/2024\/04\/gelato-ladies-vektor.svg","contentUrl":"https:\/\/www.gelatoladies.ee\/wp-content\/uploads\/2024\/04\/gelato-ladies-vektor.svg","caption":"Gelato Ladies"},"image":{"@id":"https:\/\/www.gelatoladies.ee\/fi\/#\/schema\/logo\/image\/"}}]}},"_links":{"self":[{"href":"https:\/\/www.gelatoladies.ee\/fi\/wp-json\/wp\/v2\/product\/1629","targetHints":{"allow":["GET"]}}],"collection":[{"href":"https:\/\/www.gelatoladies.ee\/fi\/wp-json\/wp\/v2\/product"}],"about":[{"href":"https:\/\/www.gelatoladies.ee\/fi\/wp-json\/wp\/v2\/types\/product"}],"wp:featuredmedia":[{"embeddable":true,"href":"https:\/\/www.gelatoladies.ee\/fi\/wp-json\/wp\/v2\/media\/719"}],"wp:attachment":[{"href":"https:\/\/www.gelatoladies.ee\/fi\/wp-json\/wp\/v2\/media?parent=1629"}],"wp:term":[{"taxonomy":"product_brand","embeddable":true,"href":"https:\/\/www.gelatoladies.ee\/fi\/wp-json\/wp\/v2\/product_brand?post=1629"},{"taxonomy":"product_cat","embeddable":true,"href":"https:\/\/www.gelatoladies.ee\/fi\/wp-json\/wp\/v2\/product_cat?post=1629"},{"taxonomy":"product_tag","embeddable":true,"href":"https:\/\/www.gelatoladies.ee\/fi\/wp-json\/wp\/v2\/product_tag?post=1629"}],"curies":[{"name":"wp","href":"https:\/\/api.w.org\/{rel}","templated":true}]}}