{"id":1638,"date":"2024-04-26T15:54:26","date_gmt":"2024-04-26T12:54:26","guid":{"rendered":"https:\/\/www.gelatoladies.ee\/toode\/cashewpahkina-ja-karamelli-sorbetti\/"},"modified":"2024-04-26T15:54:26","modified_gmt":"2024-04-26T12:54:26","slug":"cashewpahkina-ja-karamelli-sorbetti","status":"publish","type":"product","link":"https:\/\/www.gelatoladies.ee\/fi\/tuote\/cashewpahkina-ja-karamelli-sorbetti\/","title":{"rendered":"Cashewp\u00e4hkin\u00e4 ja karamelli sorbetti"},"content":{"rendered":"<p>T\u00e4ysin kasvimainen kermainen cashewp\u00e4hkin\u00e4 j\u00e4\u00e4tel\u00f6, jossa on kevyt karamellin maku.<\/p>\n","protected":false},"excerpt":{"rendered":"<p>T\u00e4ysin kasvimainen kermainen cashewp\u00e4hkin\u00e4 j\u00e4\u00e4tel\u00f6, jossa on kevyt karamellin maku.<\/p>\n","protected":false},"featured_media":990,"template":"","meta":{"inline_featured_image":false},"product_brand":[],"product_cat":[61],"product_tag":[62,63],"class_list":{"0":"post-1638","1":"product","2":"type-product","3":"status-publish","4":"has-post-thumbnail","6":"product_cat-jaatelo-mukanasi","7":"product_tag-gluteeniton","8":"product_tag-vegan-fi","10":"first","11":"outofstock","12":"taxable","13":"shipping-taxable","14":"purchasable","15":"product-type-simple"},"yoast_head":"<!-- This site is optimized with the Yoast SEO plugin v27.3 - https:\/\/yoast.com\/product\/yoast-seo-wordpress\/ -->\n<title>Cashewp\u00e4hkin\u00e4 ja karamelli sorbetti - Gelato Ladies<\/title>\n<meta name=\"robots\" content=\"index, follow, max-snippet:-1, max-image-preview:large, max-video-preview:-1\" \/>\n<link rel=\"canonical\" href=\"https:\/\/www.gelatoladies.ee\/fi\/tuote\/cashewpahkina-ja-karamelli-sorbetti\/\" \/>\n<meta property=\"og:locale\" content=\"fi_FI\" \/>\n<meta property=\"og:type\" content=\"article\" \/>\n<meta property=\"og:title\" content=\"Cashewp\u00e4hkin\u00e4 ja karamelli sorbetti - Gelato Ladies\" \/>\n<meta property=\"og:description\" content=\"T\u00e4ysin kasvimainen kermainen cashewp\u00e4hkin\u00e4 j\u00e4\u00e4tel\u00f6, jossa on kevyt karamellin maku.\" \/>\n<meta property=\"og:url\" content=\"https:\/\/www.gelatoladies.ee\/fi\/tuote\/cashewpahkina-ja-karamelli-sorbetti\/\" \/>\n<meta property=\"og:site_name\" content=\"Gelato Ladies\" \/>\n<meta property=\"og:image\" content=\"https:\/\/www.gelatoladies.ee\/wp-content\/uploads\/2024\/04\/gelato-ladies-lauraoro-17-scaled.jpg\" \/>\n\t<meta property=\"og:image:width\" content=\"1707\" \/>\n\t<meta property=\"og:image:height\" content=\"2560\" \/>\n\t<meta property=\"og:image:type\" content=\"image\/jpeg\" \/>\n<meta name=\"twitter:card\" content=\"summary_large_image\" \/>\n<script type=\"application\/ld+json\" class=\"yoast-schema-graph\">{\"@context\":\"https:\\\/\\\/schema.org\",\"@graph\":[{\"@type\":\"WebPage\",\"@id\":\"https:\\\/\\\/www.gelatoladies.ee\\\/fi\\\/tuote\\\/cashewpahkina-ja-karamelli-sorbetti\\\/\",\"url\":\"https:\\\/\\\/www.gelatoladies.ee\\\/fi\\\/tuote\\\/cashewpahkina-ja-karamelli-sorbetti\\\/\",\"name\":\"Cashewp\u00e4hkin\u00e4 ja karamelli sorbetti - Gelato Ladies\",\"isPartOf\":{\"@id\":\"https:\\\/\\\/www.gelatoladies.ee\\\/fi\\\/#website\"},\"primaryImageOfPage\":{\"@id\":\"https:\\\/\\\/www.gelatoladies.ee\\\/fi\\\/tuote\\\/cashewpahkina-ja-karamelli-sorbetti\\\/#primaryimage\"},\"image\":{\"@id\":\"https:\\\/\\\/www.gelatoladies.ee\\\/fi\\\/tuote\\\/cashewpahkina-ja-karamelli-sorbetti\\\/#primaryimage\"},\"thumbnailUrl\":\"https:\\\/\\\/www.gelatoladies.ee\\\/wp-content\\\/uploads\\\/2024\\\/04\\\/gelato-ladies-lauraoro-17-scaled.jpg\",\"datePublished\":\"2024-04-26T12:54:26+00:00\",\"breadcrumb\":{\"@id\":\"https:\\\/\\\/www.gelatoladies.ee\\\/fi\\\/tuote\\\/cashewpahkina-ja-karamelli-sorbetti\\\/#breadcrumb\"},\"inLanguage\":\"fi\",\"potentialAction\":[{\"@type\":\"ReadAction\",\"target\":[\"https:\\\/\\\/www.gelatoladies.ee\\\/fi\\\/tuote\\\/cashewpahkina-ja-karamelli-sorbetti\\\/\"]}]},{\"@type\":\"ImageObject\",\"inLanguage\":\"fi\",\"@id\":\"https:\\\/\\\/www.gelatoladies.ee\\\/fi\\\/tuote\\\/cashewpahkina-ja-karamelli-sorbetti\\\/#primaryimage\",\"url\":\"https:\\\/\\\/www.gelatoladies.ee\\\/wp-content\\\/uploads\\\/2024\\\/04\\\/gelato-ladies-lauraoro-17-scaled.jpg\",\"contentUrl\":\"https:\\\/\\\/www.gelatoladies.ee\\\/wp-content\\\/uploads\\\/2024\\\/04\\\/gelato-ladies-lauraoro-17-scaled.jpg\",\"width\":1707,\"height\":2560},{\"@type\":\"BreadcrumbList\",\"@id\":\"https:\\\/\\\/www.gelatoladies.ee\\\/fi\\\/tuote\\\/cashewpahkina-ja-karamelli-sorbetti\\\/#breadcrumb\",\"itemListElement\":[{\"@type\":\"ListItem\",\"position\":1,\"name\":\"Home\",\"item\":\"https:\\\/\\\/www.gelatoladies.ee\\\/fi\\\/etusivu\\\/\"},{\"@type\":\"ListItem\",\"position\":2,\"name\":\"Kauppa\",\"item\":\"https:\\\/\\\/www.gelatoladies.ee\\\/fi\\\/kauppa\\\/\"},{\"@type\":\"ListItem\",\"position\":3,\"name\":\"Cashewp\u00e4hkin\u00e4 ja karamelli sorbetti\"}]},{\"@type\":\"WebSite\",\"@id\":\"https:\\\/\\\/www.gelatoladies.ee\\\/fi\\\/#website\",\"url\":\"https:\\\/\\\/www.gelatoladies.ee\\\/fi\\\/\",\"name\":\"Gelato Ladies\",\"description\":\"J\u00e4\u00e4tisekohvik Tallinnas\",\"publisher\":{\"@id\":\"https:\\\/\\\/www.gelatoladies.ee\\\/fi\\\/#organization\"},\"potentialAction\":[{\"@type\":\"SearchAction\",\"target\":{\"@type\":\"EntryPoint\",\"urlTemplate\":\"https:\\\/\\\/www.gelatoladies.ee\\\/fi\\\/?s={search_term_string}\"},\"query-input\":{\"@type\":\"PropertyValueSpecification\",\"valueRequired\":true,\"valueName\":\"search_term_string\"}}],\"inLanguage\":\"fi\"},{\"@type\":\"Organization\",\"@id\":\"https:\\\/\\\/www.gelatoladies.ee\\\/fi\\\/#organization\",\"name\":\"Gelato Ladies\",\"url\":\"https:\\\/\\\/www.gelatoladies.ee\\\/fi\\\/\",\"logo\":{\"@type\":\"ImageObject\",\"inLanguage\":\"fi\",\"@id\":\"https:\\\/\\\/www.gelatoladies.ee\\\/fi\\\/#\\\/schema\\\/logo\\\/image\\\/\",\"url\":\"https:\\\/\\\/www.gelatoladies.ee\\\/wp-content\\\/uploads\\\/2024\\\/04\\\/gelato-ladies-vektor.svg\",\"contentUrl\":\"https:\\\/\\\/www.gelatoladies.ee\\\/wp-content\\\/uploads\\\/2024\\\/04\\\/gelato-ladies-vektor.svg\",\"caption\":\"Gelato Ladies\"},\"image\":{\"@id\":\"https:\\\/\\\/www.gelatoladies.ee\\\/fi\\\/#\\\/schema\\\/logo\\\/image\\\/\"}}]}<\/script>\n<!-- \/ Yoast SEO plugin. -->","yoast_head_json":{"title":"Cashewp\u00e4hkin\u00e4 ja karamelli sorbetti - Gelato Ladies","robots":{"index":"index","follow":"follow","max-snippet":"max-snippet:-1","max-image-preview":"max-image-preview:large","max-video-preview":"max-video-preview:-1"},"canonical":"https:\/\/www.gelatoladies.ee\/fi\/tuote\/cashewpahkina-ja-karamelli-sorbetti\/","og_locale":"fi_FI","og_type":"article","og_title":"Cashewp\u00e4hkin\u00e4 ja karamelli sorbetti - Gelato Ladies","og_description":"T\u00e4ysin kasvimainen kermainen cashewp\u00e4hkin\u00e4 j\u00e4\u00e4tel\u00f6, jossa on kevyt karamellin maku.","og_url":"https:\/\/www.gelatoladies.ee\/fi\/tuote\/cashewpahkina-ja-karamelli-sorbetti\/","og_site_name":"Gelato Ladies","og_image":[{"width":1707,"height":2560,"url":"https:\/\/www.gelatoladies.ee\/wp-content\/uploads\/2024\/04\/gelato-ladies-lauraoro-17-scaled.jpg","type":"image\/jpeg"}],"twitter_card":"summary_large_image","schema":{"@context":"https:\/\/schema.org","@graph":[{"@type":"WebPage","@id":"https:\/\/www.gelatoladies.ee\/fi\/tuote\/cashewpahkina-ja-karamelli-sorbetti\/","url":"https:\/\/www.gelatoladies.ee\/fi\/tuote\/cashewpahkina-ja-karamelli-sorbetti\/","name":"Cashewp\u00e4hkin\u00e4 ja karamelli sorbetti - Gelato Ladies","isPartOf":{"@id":"https:\/\/www.gelatoladies.ee\/fi\/#website"},"primaryImageOfPage":{"@id":"https:\/\/www.gelatoladies.ee\/fi\/tuote\/cashewpahkina-ja-karamelli-sorbetti\/#primaryimage"},"image":{"@id":"https:\/\/www.gelatoladies.ee\/fi\/tuote\/cashewpahkina-ja-karamelli-sorbetti\/#primaryimage"},"thumbnailUrl":"https:\/\/www.gelatoladies.ee\/wp-content\/uploads\/2024\/04\/gelato-ladies-lauraoro-17-scaled.jpg","datePublished":"2024-04-26T12:54:26+00:00","breadcrumb":{"@id":"https:\/\/www.gelatoladies.ee\/fi\/tuote\/cashewpahkina-ja-karamelli-sorbetti\/#breadcrumb"},"inLanguage":"fi","potentialAction":[{"@type":"ReadAction","target":["https:\/\/www.gelatoladies.ee\/fi\/tuote\/cashewpahkina-ja-karamelli-sorbetti\/"]}]},{"@type":"ImageObject","inLanguage":"fi","@id":"https:\/\/www.gelatoladies.ee\/fi\/tuote\/cashewpahkina-ja-karamelli-sorbetti\/#primaryimage","url":"https:\/\/www.gelatoladies.ee\/wp-content\/uploads\/2024\/04\/gelato-ladies-lauraoro-17-scaled.jpg","contentUrl":"https:\/\/www.gelatoladies.ee\/wp-content\/uploads\/2024\/04\/gelato-ladies-lauraoro-17-scaled.jpg","width":1707,"height":2560},{"@type":"BreadcrumbList","@id":"https:\/\/www.gelatoladies.ee\/fi\/tuote\/cashewpahkina-ja-karamelli-sorbetti\/#breadcrumb","itemListElement":[{"@type":"ListItem","position":1,"name":"Home","item":"https:\/\/www.gelatoladies.ee\/fi\/etusivu\/"},{"@type":"ListItem","position":2,"name":"Kauppa","item":"https:\/\/www.gelatoladies.ee\/fi\/kauppa\/"},{"@type":"ListItem","position":3,"name":"Cashewp\u00e4hkin\u00e4 ja karamelli sorbetti"}]},{"@type":"WebSite","@id":"https:\/\/www.gelatoladies.ee\/fi\/#website","url":"https:\/\/www.gelatoladies.ee\/fi\/","name":"Gelato Ladies","description":"J\u00e4\u00e4tisekohvik Tallinnas","publisher":{"@id":"https:\/\/www.gelatoladies.ee\/fi\/#organization"},"potentialAction":[{"@type":"SearchAction","target":{"@type":"EntryPoint","urlTemplate":"https:\/\/www.gelatoladies.ee\/fi\/?s={search_term_string}"},"query-input":{"@type":"PropertyValueSpecification","valueRequired":true,"valueName":"search_term_string"}}],"inLanguage":"fi"},{"@type":"Organization","@id":"https:\/\/www.gelatoladies.ee\/fi\/#organization","name":"Gelato Ladies","url":"https:\/\/www.gelatoladies.ee\/fi\/","logo":{"@type":"ImageObject","inLanguage":"fi","@id":"https:\/\/www.gelatoladies.ee\/fi\/#\/schema\/logo\/image\/","url":"https:\/\/www.gelatoladies.ee\/wp-content\/uploads\/2024\/04\/gelato-ladies-vektor.svg","contentUrl":"https:\/\/www.gelatoladies.ee\/wp-content\/uploads\/2024\/04\/gelato-ladies-vektor.svg","caption":"Gelato Ladies"},"image":{"@id":"https:\/\/www.gelatoladies.ee\/fi\/#\/schema\/logo\/image\/"}}]}},"_links":{"self":[{"href":"https:\/\/www.gelatoladies.ee\/fi\/wp-json\/wp\/v2\/product\/1638","targetHints":{"allow":["GET"]}}],"collection":[{"href":"https:\/\/www.gelatoladies.ee\/fi\/wp-json\/wp\/v2\/product"}],"about":[{"href":"https:\/\/www.gelatoladies.ee\/fi\/wp-json\/wp\/v2\/types\/product"}],"wp:featuredmedia":[{"embeddable":true,"href":"https:\/\/www.gelatoladies.ee\/fi\/wp-json\/wp\/v2\/media\/990"}],"wp:attachment":[{"href":"https:\/\/www.gelatoladies.ee\/fi\/wp-json\/wp\/v2\/media?parent=1638"}],"wp:term":[{"taxonomy":"product_brand","embeddable":true,"href":"https:\/\/www.gelatoladies.ee\/fi\/wp-json\/wp\/v2\/product_brand?post=1638"},{"taxonomy":"product_cat","embeddable":true,"href":"https:\/\/www.gelatoladies.ee\/fi\/wp-json\/wp\/v2\/product_cat?post=1638"},{"taxonomy":"product_tag","embeddable":true,"href":"https:\/\/www.gelatoladies.ee\/fi\/wp-json\/wp\/v2\/product_tag?post=1638"}],"curies":[{"name":"wp","href":"https:\/\/api.w.org\/{rel}","templated":true}]}}