{"id":1683,"date":"2024-04-26T12:09:06","date_gmt":"2024-04-26T09:09:06","guid":{"rendered":"https:\/\/www.gelatoladies.ee\/toode\/pistaasi-ja-suklaajaatelokakku\/"},"modified":"2025-05-19T08:46:57","modified_gmt":"2025-05-19T05:46:57","slug":"pistaasi-ja-suklaajaatelokakku","status":"publish","type":"product","link":"https:\/\/www.gelatoladies.ee\/fi\/tuote\/pistaasi-ja-suklaajaatelokakku\/","title":{"rendered":"Pistaasi- ja suklaaj\u00e4\u00e4tel\u00f6kakku"},"content":{"rendered":"<p>Kahvilamme kolme rakastetuinta j\u00e4\u00e4tel\u00f6\u00e4 on yhdistetty t\u00e4ytel\u00e4iseen makuel\u00e4mykseen. Tummaa suklaata ja maukasta pistaasip\u00e4hkin\u00e4\u00e4 tasapainottaa ohut kerros sitruunasorbettia, joka el\u00e4v\u00f6itt\u00e4\u00e4 niit\u00e4.<\/p>\n","protected":false},"excerpt":{"rendered":"<p>Kahvilamme kolme rakastetuinta j\u00e4\u00e4tel\u00f6\u00e4 on yhdistetty t\u00e4ytel\u00e4iseen makuel\u00e4mykseen. Tummaa suklaata ja maukasta pistaasip\u00e4hkin\u00e4\u00e4 tasapainottaa ohut kerros sitruunasorbettia, joka el\u00e4v\u00f6itt\u00e4\u00e4 niit\u00e4.<\/p>\n","protected":false},"featured_media":938,"template":"","meta":{"inline_featured_image":false},"product_brand":[],"product_cat":[64],"product_tag":[],"class_list":{"0":"post-1683","1":"product","2":"type-product","3":"status-publish","4":"has-post-thumbnail","6":"product_cat-gelatokakut","8":"first","9":"instock","10":"taxable","11":"shipping-taxable","12":"purchasable","13":"product-type-variable"},"yoast_head":"<!-- This site is optimized with the Yoast SEO plugin v27.3 - https:\/\/yoast.com\/product\/yoast-seo-wordpress\/ -->\n<title>Pistaasi- ja suklaaj\u00e4\u00e4tel\u00f6kakku - Gelato Ladies<\/title>\n<meta name=\"robots\" content=\"index, follow, max-snippet:-1, max-image-preview:large, max-video-preview:-1\" \/>\n<link rel=\"canonical\" href=\"https:\/\/www.gelatoladies.ee\/fi\/tuote\/pistaasi-ja-suklaajaatelokakku\/\" \/>\n<meta property=\"og:locale\" content=\"fi_FI\" \/>\n<meta property=\"og:type\" content=\"article\" \/>\n<meta property=\"og:title\" content=\"Pistaasi- ja suklaaj\u00e4\u00e4tel\u00f6kakku - Gelato Ladies\" \/>\n<meta property=\"og:description\" content=\"Kahvilamme kolme rakastetuinta j\u00e4\u00e4tel\u00f6\u00e4 on yhdistetty t\u00e4ytel\u00e4iseen makuel\u00e4mykseen. Tummaa suklaata ja maukasta pistaasip\u00e4hkin\u00e4\u00e4 tasapainottaa ohut kerros sitruunasorbettia, joka el\u00e4v\u00f6itt\u00e4\u00e4 niit\u00e4.\" \/>\n<meta property=\"og:url\" content=\"https:\/\/www.gelatoladies.ee\/fi\/tuote\/pistaasi-ja-suklaajaatelokakku\/\" \/>\n<meta property=\"og:site_name\" content=\"Gelato Ladies\" \/>\n<meta property=\"article:modified_time\" content=\"2025-05-19T05:46:57+00:00\" \/>\n<meta property=\"og:image\" content=\"https:\/\/www.gelatoladies.ee\/wp-content\/uploads\/2024\/04\/gelato_ladies_product13.jpg\" \/>\n\t<meta property=\"og:image:width\" content=\"1920\" \/>\n\t<meta property=\"og:image:height\" content=\"1282\" \/>\n\t<meta property=\"og:image:type\" content=\"image\/jpeg\" \/>\n<meta name=\"twitter:card\" content=\"summary_large_image\" \/>\n<meta name=\"twitter:label1\" content=\"Arvioitu lukuaika\" \/>\n\t<meta name=\"twitter:data1\" content=\"1 minuutti\" \/>\n<script type=\"application\/ld+json\" class=\"yoast-schema-graph\">{\"@context\":\"https:\\\/\\\/schema.org\",\"@graph\":[{\"@type\":\"WebPage\",\"@id\":\"https:\\\/\\\/www.gelatoladies.ee\\\/fi\\\/tuote\\\/pistaasi-ja-suklaajaatelokakku\\\/\",\"url\":\"https:\\\/\\\/www.gelatoladies.ee\\\/fi\\\/tuote\\\/pistaasi-ja-suklaajaatelokakku\\\/\",\"name\":\"Pistaasi- ja suklaaj\u00e4\u00e4tel\u00f6kakku - Gelato Ladies\",\"isPartOf\":{\"@id\":\"https:\\\/\\\/www.gelatoladies.ee\\\/fi\\\/#website\"},\"primaryImageOfPage\":{\"@id\":\"https:\\\/\\\/www.gelatoladies.ee\\\/fi\\\/tuote\\\/pistaasi-ja-suklaajaatelokakku\\\/#primaryimage\"},\"image\":{\"@id\":\"https:\\\/\\\/www.gelatoladies.ee\\\/fi\\\/tuote\\\/pistaasi-ja-suklaajaatelokakku\\\/#primaryimage\"},\"thumbnailUrl\":\"https:\\\/\\\/www.gelatoladies.ee\\\/wp-content\\\/uploads\\\/2024\\\/04\\\/gelato_ladies_product13.jpg\",\"datePublished\":\"2024-04-26T09:09:06+00:00\",\"dateModified\":\"2025-05-19T05:46:57+00:00\",\"breadcrumb\":{\"@id\":\"https:\\\/\\\/www.gelatoladies.ee\\\/fi\\\/tuote\\\/pistaasi-ja-suklaajaatelokakku\\\/#breadcrumb\"},\"inLanguage\":\"fi\",\"potentialAction\":[{\"@type\":\"ReadAction\",\"target\":[\"https:\\\/\\\/www.gelatoladies.ee\\\/fi\\\/tuote\\\/pistaasi-ja-suklaajaatelokakku\\\/\"]}]},{\"@type\":\"ImageObject\",\"inLanguage\":\"fi\",\"@id\":\"https:\\\/\\\/www.gelatoladies.ee\\\/fi\\\/tuote\\\/pistaasi-ja-suklaajaatelokakku\\\/#primaryimage\",\"url\":\"https:\\\/\\\/www.gelatoladies.ee\\\/wp-content\\\/uploads\\\/2024\\\/04\\\/gelato_ladies_product13.jpg\",\"contentUrl\":\"https:\\\/\\\/www.gelatoladies.ee\\\/wp-content\\\/uploads\\\/2024\\\/04\\\/gelato_ladies_product13.jpg\",\"width\":1920,\"height\":1282},{\"@type\":\"BreadcrumbList\",\"@id\":\"https:\\\/\\\/www.gelatoladies.ee\\\/fi\\\/tuote\\\/pistaasi-ja-suklaajaatelokakku\\\/#breadcrumb\",\"itemListElement\":[{\"@type\":\"ListItem\",\"position\":1,\"name\":\"Home\",\"item\":\"https:\\\/\\\/www.gelatoladies.ee\\\/fi\\\/etusivu\\\/\"},{\"@type\":\"ListItem\",\"position\":2,\"name\":\"Kauppa\",\"item\":\"https:\\\/\\\/www.gelatoladies.ee\\\/fi\\\/kauppa\\\/\"},{\"@type\":\"ListItem\",\"position\":3,\"name\":\"Pistaasi- ja suklaaj\u00e4\u00e4tel\u00f6kakku\"}]},{\"@type\":\"WebSite\",\"@id\":\"https:\\\/\\\/www.gelatoladies.ee\\\/fi\\\/#website\",\"url\":\"https:\\\/\\\/www.gelatoladies.ee\\\/fi\\\/\",\"name\":\"Gelato Ladies\",\"description\":\"J\u00e4\u00e4tisekohvik Tallinnas\",\"publisher\":{\"@id\":\"https:\\\/\\\/www.gelatoladies.ee\\\/fi\\\/#organization\"},\"potentialAction\":[{\"@type\":\"SearchAction\",\"target\":{\"@type\":\"EntryPoint\",\"urlTemplate\":\"https:\\\/\\\/www.gelatoladies.ee\\\/fi\\\/?s={search_term_string}\"},\"query-input\":{\"@type\":\"PropertyValueSpecification\",\"valueRequired\":true,\"valueName\":\"search_term_string\"}}],\"inLanguage\":\"fi\"},{\"@type\":\"Organization\",\"@id\":\"https:\\\/\\\/www.gelatoladies.ee\\\/fi\\\/#organization\",\"name\":\"Gelato Ladies\",\"url\":\"https:\\\/\\\/www.gelatoladies.ee\\\/fi\\\/\",\"logo\":{\"@type\":\"ImageObject\",\"inLanguage\":\"fi\",\"@id\":\"https:\\\/\\\/www.gelatoladies.ee\\\/fi\\\/#\\\/schema\\\/logo\\\/image\\\/\",\"url\":\"https:\\\/\\\/www.gelatoladies.ee\\\/wp-content\\\/uploads\\\/2024\\\/04\\\/gelato-ladies-vektor.svg\",\"contentUrl\":\"https:\\\/\\\/www.gelatoladies.ee\\\/wp-content\\\/uploads\\\/2024\\\/04\\\/gelato-ladies-vektor.svg\",\"caption\":\"Gelato Ladies\"},\"image\":{\"@id\":\"https:\\\/\\\/www.gelatoladies.ee\\\/fi\\\/#\\\/schema\\\/logo\\\/image\\\/\"}}]}<\/script>\n<!-- \/ Yoast SEO plugin. -->","yoast_head_json":{"title":"Pistaasi- ja suklaaj\u00e4\u00e4tel\u00f6kakku - Gelato Ladies","robots":{"index":"index","follow":"follow","max-snippet":"max-snippet:-1","max-image-preview":"max-image-preview:large","max-video-preview":"max-video-preview:-1"},"canonical":"https:\/\/www.gelatoladies.ee\/fi\/tuote\/pistaasi-ja-suklaajaatelokakku\/","og_locale":"fi_FI","og_type":"article","og_title":"Pistaasi- ja suklaaj\u00e4\u00e4tel\u00f6kakku - Gelato Ladies","og_description":"Kahvilamme kolme rakastetuinta j\u00e4\u00e4tel\u00f6\u00e4 on yhdistetty t\u00e4ytel\u00e4iseen makuel\u00e4mykseen. Tummaa suklaata ja maukasta pistaasip\u00e4hkin\u00e4\u00e4 tasapainottaa ohut kerros sitruunasorbettia, joka el\u00e4v\u00f6itt\u00e4\u00e4 niit\u00e4.","og_url":"https:\/\/www.gelatoladies.ee\/fi\/tuote\/pistaasi-ja-suklaajaatelokakku\/","og_site_name":"Gelato Ladies","article_modified_time":"2025-05-19T05:46:57+00:00","og_image":[{"width":1920,"height":1282,"url":"https:\/\/www.gelatoladies.ee\/wp-content\/uploads\/2024\/04\/gelato_ladies_product13.jpg","type":"image\/jpeg"}],"twitter_card":"summary_large_image","twitter_misc":{"Arvioitu lukuaika":"1 minuutti"},"schema":{"@context":"https:\/\/schema.org","@graph":[{"@type":"WebPage","@id":"https:\/\/www.gelatoladies.ee\/fi\/tuote\/pistaasi-ja-suklaajaatelokakku\/","url":"https:\/\/www.gelatoladies.ee\/fi\/tuote\/pistaasi-ja-suklaajaatelokakku\/","name":"Pistaasi- ja suklaaj\u00e4\u00e4tel\u00f6kakku - Gelato Ladies","isPartOf":{"@id":"https:\/\/www.gelatoladies.ee\/fi\/#website"},"primaryImageOfPage":{"@id":"https:\/\/www.gelatoladies.ee\/fi\/tuote\/pistaasi-ja-suklaajaatelokakku\/#primaryimage"},"image":{"@id":"https:\/\/www.gelatoladies.ee\/fi\/tuote\/pistaasi-ja-suklaajaatelokakku\/#primaryimage"},"thumbnailUrl":"https:\/\/www.gelatoladies.ee\/wp-content\/uploads\/2024\/04\/gelato_ladies_product13.jpg","datePublished":"2024-04-26T09:09:06+00:00","dateModified":"2025-05-19T05:46:57+00:00","breadcrumb":{"@id":"https:\/\/www.gelatoladies.ee\/fi\/tuote\/pistaasi-ja-suklaajaatelokakku\/#breadcrumb"},"inLanguage":"fi","potentialAction":[{"@type":"ReadAction","target":["https:\/\/www.gelatoladies.ee\/fi\/tuote\/pistaasi-ja-suklaajaatelokakku\/"]}]},{"@type":"ImageObject","inLanguage":"fi","@id":"https:\/\/www.gelatoladies.ee\/fi\/tuote\/pistaasi-ja-suklaajaatelokakku\/#primaryimage","url":"https:\/\/www.gelatoladies.ee\/wp-content\/uploads\/2024\/04\/gelato_ladies_product13.jpg","contentUrl":"https:\/\/www.gelatoladies.ee\/wp-content\/uploads\/2024\/04\/gelato_ladies_product13.jpg","width":1920,"height":1282},{"@type":"BreadcrumbList","@id":"https:\/\/www.gelatoladies.ee\/fi\/tuote\/pistaasi-ja-suklaajaatelokakku\/#breadcrumb","itemListElement":[{"@type":"ListItem","position":1,"name":"Home","item":"https:\/\/www.gelatoladies.ee\/fi\/etusivu\/"},{"@type":"ListItem","position":2,"name":"Kauppa","item":"https:\/\/www.gelatoladies.ee\/fi\/kauppa\/"},{"@type":"ListItem","position":3,"name":"Pistaasi- ja suklaaj\u00e4\u00e4tel\u00f6kakku"}]},{"@type":"WebSite","@id":"https:\/\/www.gelatoladies.ee\/fi\/#website","url":"https:\/\/www.gelatoladies.ee\/fi\/","name":"Gelato Ladies","description":"J\u00e4\u00e4tisekohvik Tallinnas","publisher":{"@id":"https:\/\/www.gelatoladies.ee\/fi\/#organization"},"potentialAction":[{"@type":"SearchAction","target":{"@type":"EntryPoint","urlTemplate":"https:\/\/www.gelatoladies.ee\/fi\/?s={search_term_string}"},"query-input":{"@type":"PropertyValueSpecification","valueRequired":true,"valueName":"search_term_string"}}],"inLanguage":"fi"},{"@type":"Organization","@id":"https:\/\/www.gelatoladies.ee\/fi\/#organization","name":"Gelato Ladies","url":"https:\/\/www.gelatoladies.ee\/fi\/","logo":{"@type":"ImageObject","inLanguage":"fi","@id":"https:\/\/www.gelatoladies.ee\/fi\/#\/schema\/logo\/image\/","url":"https:\/\/www.gelatoladies.ee\/wp-content\/uploads\/2024\/04\/gelato-ladies-vektor.svg","contentUrl":"https:\/\/www.gelatoladies.ee\/wp-content\/uploads\/2024\/04\/gelato-ladies-vektor.svg","caption":"Gelato Ladies"},"image":{"@id":"https:\/\/www.gelatoladies.ee\/fi\/#\/schema\/logo\/image\/"}}]}},"_links":{"self":[{"href":"https:\/\/www.gelatoladies.ee\/fi\/wp-json\/wp\/v2\/product\/1683","targetHints":{"allow":["GET"]}}],"collection":[{"href":"https:\/\/www.gelatoladies.ee\/fi\/wp-json\/wp\/v2\/product"}],"about":[{"href":"https:\/\/www.gelatoladies.ee\/fi\/wp-json\/wp\/v2\/types\/product"}],"wp:featuredmedia":[{"embeddable":true,"href":"https:\/\/www.gelatoladies.ee\/fi\/wp-json\/wp\/v2\/media\/938"}],"wp:attachment":[{"href":"https:\/\/www.gelatoladies.ee\/fi\/wp-json\/wp\/v2\/media?parent=1683"}],"wp:term":[{"taxonomy":"product_brand","embeddable":true,"href":"https:\/\/www.gelatoladies.ee\/fi\/wp-json\/wp\/v2\/product_brand?post=1683"},{"taxonomy":"product_cat","embeddable":true,"href":"https:\/\/www.gelatoladies.ee\/fi\/wp-json\/wp\/v2\/product_cat?post=1683"},{"taxonomy":"product_tag","embeddable":true,"href":"https:\/\/www.gelatoladies.ee\/fi\/wp-json\/wp\/v2\/product_tag?post=1683"}],"curies":[{"name":"wp","href":"https:\/\/api.w.org\/{rel}","templated":true}]}}