{"id":2117,"date":"2025-12-16T22:44:05","date_gmt":"2025-12-16T20:44:05","guid":{"rendered":"https:\/\/www.gelatoladies.ee\/?post_type=product&#038;p=2117"},"modified":"2025-12-16T22:48:47","modified_gmt":"2025-12-16T20:48:47","slug":"oreo-ja-mansikka-vadelma-jaatelokakku-kopeeri-kopeeri","status":"publish","type":"product","link":"https:\/\/www.gelatoladies.ee\/fi\/tuote\/oreo-ja-mansikka-vadelma-jaatelokakku-kopeeri-kopeeri\/","title":{"rendered":"Oreo ja mansikka-vadelma j\u00e4\u00e4tel\u00f6kakku (kopeeri) (kopeeri)"},"content":{"rendered":"<p>Kaksi kerrosta gelatoa: mansikka-vadelmasorbetti ja kermaj\u00e4\u00e4tel\u00f6 Oreo-keksill\u00e4. T\u00e4ss\u00e4 kakussa yhdistyv\u00e4t pienten asiakkaidemme suosikkimaut. Halutessasi voimme kirjoittaa kakun p\u00e4\u00e4lle nimen.<\/p>\n","protected":false},"excerpt":{"rendered":"<p>Kaksi kerrosta gelatoa: mansikka-vadelmasorbetti ja kermaj\u00e4\u00e4tel\u00f6 Oreo-keksill\u00e4. T\u00e4ss\u00e4 kakussa yhdistyv\u00e4t pienten asiakkaidemme suosikkimaut. Halutessasi voimme kirjoittaa kakun p\u00e4\u00e4lle nimen.<\/p>\n","protected":false},"featured_media":2124,"template":"","meta":{"inline_featured_image":false},"product_brand":[],"product_cat":[64],"product_tag":[],"class_list":{"0":"post-2117","1":"product","2":"type-product","3":"status-publish","4":"has-post-thumbnail","6":"product_cat-gelatokakut","8":"first","9":"outofstock","10":"taxable","11":"shipping-taxable","12":"purchasable","13":"product-type-simple"},"yoast_head":"<!-- This site is optimized with the Yoast SEO plugin v27.5 - https:\/\/yoast.com\/product\/yoast-seo-wordpress\/ -->\n<title>Oreo ja mansikka-vadelma j\u00e4\u00e4tel\u00f6kakku (kopeeri) (kopeeri) - Gelato Ladies<\/title>\n<meta name=\"robots\" content=\"index, follow, max-snippet:-1, max-image-preview:large, max-video-preview:-1\" \/>\n<link rel=\"canonical\" href=\"https:\/\/www.gelatoladies.ee\/fi\/tuote\/oreo-ja-mansikka-vadelma-jaatelokakku-kopeeri-kopeeri\/\" \/>\n<meta property=\"og:locale\" content=\"fi_FI\" \/>\n<meta property=\"og:type\" content=\"article\" \/>\n<meta property=\"og:title\" content=\"Oreo ja mansikka-vadelma j\u00e4\u00e4tel\u00f6kakku (kopeeri) (kopeeri) - Gelato Ladies\" \/>\n<meta property=\"og:description\" content=\"Kaksi kerrosta gelatoa: mansikka-vadelmasorbetti ja kermaj\u00e4\u00e4tel\u00f6 Oreo-keksill\u00e4. T\u00e4ss\u00e4 kakussa yhdistyv\u00e4t pienten asiakkaidemme suosikkimaut. Halutessasi voimme kirjoittaa kakun p\u00e4\u00e4lle nimen.\" \/>\n<meta property=\"og:url\" content=\"https:\/\/www.gelatoladies.ee\/fi\/tuote\/oreo-ja-mansikka-vadelma-jaatelokakku-kopeeri-kopeeri\/\" \/>\n<meta property=\"og:site_name\" content=\"Gelato Ladies\" \/>\n<meta property=\"article:modified_time\" content=\"2025-12-16T20:48:47+00:00\" \/>\n<meta property=\"og:image\" content=\"https:\/\/www.gelatoladies.ee\/wp-content\/uploads\/2025\/12\/IMG_4794-scaled-e1765918092663.jpg\" \/>\n\t<meta property=\"og:image:width\" content=\"1920\" \/>\n\t<meta property=\"og:image:height\" content=\"2560\" \/>\n\t<meta property=\"og:image:type\" content=\"image\/jpeg\" \/>\n<meta name=\"twitter:card\" content=\"summary_large_image\" \/>\n<meta name=\"twitter:label1\" content=\"Arvioitu lukuaika\" \/>\n\t<meta name=\"twitter:data1\" content=\"1 minuutti\" \/>\n<script type=\"application\/ld+json\" class=\"yoast-schema-graph\">{\"@context\":\"https:\\\/\\\/schema.org\",\"@graph\":[{\"@type\":\"WebPage\",\"@id\":\"https:\\\/\\\/www.gelatoladies.ee\\\/fi\\\/tuote\\\/oreo-ja-mansikka-vadelma-jaatelokakku-kopeeri-kopeeri\\\/\",\"url\":\"https:\\\/\\\/www.gelatoladies.ee\\\/fi\\\/tuote\\\/oreo-ja-mansikka-vadelma-jaatelokakku-kopeeri-kopeeri\\\/\",\"name\":\"Oreo ja mansikka-vadelma j\u00e4\u00e4tel\u00f6kakku (kopeeri) (kopeeri) - Gelato Ladies\",\"isPartOf\":{\"@id\":\"https:\\\/\\\/www.gelatoladies.ee\\\/fi\\\/#website\"},\"primaryImageOfPage\":{\"@id\":\"https:\\\/\\\/www.gelatoladies.ee\\\/fi\\\/tuote\\\/oreo-ja-mansikka-vadelma-jaatelokakku-kopeeri-kopeeri\\\/#primaryimage\"},\"image\":{\"@id\":\"https:\\\/\\\/www.gelatoladies.ee\\\/fi\\\/tuote\\\/oreo-ja-mansikka-vadelma-jaatelokakku-kopeeri-kopeeri\\\/#primaryimage\"},\"thumbnailUrl\":\"https:\\\/\\\/www.gelatoladies.ee\\\/wp-content\\\/uploads\\\/2025\\\/12\\\/IMG_4794-scaled-e1765918092663.jpg\",\"datePublished\":\"2025-12-16T20:44:05+00:00\",\"dateModified\":\"2025-12-16T20:48:47+00:00\",\"breadcrumb\":{\"@id\":\"https:\\\/\\\/www.gelatoladies.ee\\\/fi\\\/tuote\\\/oreo-ja-mansikka-vadelma-jaatelokakku-kopeeri-kopeeri\\\/#breadcrumb\"},\"inLanguage\":\"fi\",\"potentialAction\":[{\"@type\":\"ReadAction\",\"target\":[\"https:\\\/\\\/www.gelatoladies.ee\\\/fi\\\/tuote\\\/oreo-ja-mansikka-vadelma-jaatelokakku-kopeeri-kopeeri\\\/\"]}]},{\"@type\":\"ImageObject\",\"inLanguage\":\"fi\",\"@id\":\"https:\\\/\\\/www.gelatoladies.ee\\\/fi\\\/tuote\\\/oreo-ja-mansikka-vadelma-jaatelokakku-kopeeri-kopeeri\\\/#primaryimage\",\"url\":\"https:\\\/\\\/www.gelatoladies.ee\\\/wp-content\\\/uploads\\\/2025\\\/12\\\/IMG_4794-scaled-e1765918092663.jpg\",\"contentUrl\":\"https:\\\/\\\/www.gelatoladies.ee\\\/wp-content\\\/uploads\\\/2025\\\/12\\\/IMG_4794-scaled-e1765918092663.jpg\",\"width\":1920,\"height\":2560},{\"@type\":\"BreadcrumbList\",\"@id\":\"https:\\\/\\\/www.gelatoladies.ee\\\/fi\\\/tuote\\\/oreo-ja-mansikka-vadelma-jaatelokakku-kopeeri-kopeeri\\\/#breadcrumb\",\"itemListElement\":[{\"@type\":\"ListItem\",\"position\":1,\"name\":\"Home\",\"item\":\"https:\\\/\\\/www.gelatoladies.ee\\\/fi\\\/etusivu\\\/\"},{\"@type\":\"ListItem\",\"position\":2,\"name\":\"Kauppa\",\"item\":\"https:\\\/\\\/www.gelatoladies.ee\\\/fi\\\/kauppa\\\/\"},{\"@type\":\"ListItem\",\"position\":3,\"name\":\"Oreo ja mansikka-vadelma j\u00e4\u00e4tel\u00f6kakku (kopeeri) (kopeeri)\"}]},{\"@type\":\"WebSite\",\"@id\":\"https:\\\/\\\/www.gelatoladies.ee\\\/fi\\\/#website\",\"url\":\"https:\\\/\\\/www.gelatoladies.ee\\\/fi\\\/\",\"name\":\"Gelato Ladies\",\"description\":\"J\u00e4\u00e4tisekohvik Tallinnas\",\"publisher\":{\"@id\":\"https:\\\/\\\/www.gelatoladies.ee\\\/fi\\\/#organization\"},\"potentialAction\":[{\"@type\":\"SearchAction\",\"target\":{\"@type\":\"EntryPoint\",\"urlTemplate\":\"https:\\\/\\\/www.gelatoladies.ee\\\/fi\\\/?s={search_term_string}\"},\"query-input\":{\"@type\":\"PropertyValueSpecification\",\"valueRequired\":true,\"valueName\":\"search_term_string\"}}],\"inLanguage\":\"fi\"},{\"@type\":\"Organization\",\"@id\":\"https:\\\/\\\/www.gelatoladies.ee\\\/fi\\\/#organization\",\"name\":\"Gelato Ladies\",\"url\":\"https:\\\/\\\/www.gelatoladies.ee\\\/fi\\\/\",\"logo\":{\"@type\":\"ImageObject\",\"inLanguage\":\"fi\",\"@id\":\"https:\\\/\\\/www.gelatoladies.ee\\\/fi\\\/#\\\/schema\\\/logo\\\/image\\\/\",\"url\":\"https:\\\/\\\/www.gelatoladies.ee\\\/wp-content\\\/uploads\\\/2024\\\/04\\\/gelato-ladies-vektor.svg\",\"contentUrl\":\"https:\\\/\\\/www.gelatoladies.ee\\\/wp-content\\\/uploads\\\/2024\\\/04\\\/gelato-ladies-vektor.svg\",\"caption\":\"Gelato Ladies\"},\"image\":{\"@id\":\"https:\\\/\\\/www.gelatoladies.ee\\\/fi\\\/#\\\/schema\\\/logo\\\/image\\\/\"}}]}<\/script>\n<!-- \/ Yoast SEO plugin. -->","yoast_head_json":{"title":"Oreo ja mansikka-vadelma j\u00e4\u00e4tel\u00f6kakku (kopeeri) (kopeeri) - Gelato Ladies","robots":{"index":"index","follow":"follow","max-snippet":"max-snippet:-1","max-image-preview":"max-image-preview:large","max-video-preview":"max-video-preview:-1"},"canonical":"https:\/\/www.gelatoladies.ee\/fi\/tuote\/oreo-ja-mansikka-vadelma-jaatelokakku-kopeeri-kopeeri\/","og_locale":"fi_FI","og_type":"article","og_title":"Oreo ja mansikka-vadelma j\u00e4\u00e4tel\u00f6kakku (kopeeri) (kopeeri) - Gelato Ladies","og_description":"Kaksi kerrosta gelatoa: mansikka-vadelmasorbetti ja kermaj\u00e4\u00e4tel\u00f6 Oreo-keksill\u00e4. T\u00e4ss\u00e4 kakussa yhdistyv\u00e4t pienten asiakkaidemme suosikkimaut. Halutessasi voimme kirjoittaa kakun p\u00e4\u00e4lle nimen.","og_url":"https:\/\/www.gelatoladies.ee\/fi\/tuote\/oreo-ja-mansikka-vadelma-jaatelokakku-kopeeri-kopeeri\/","og_site_name":"Gelato Ladies","article_modified_time":"2025-12-16T20:48:47+00:00","og_image":[{"width":1920,"height":2560,"url":"https:\/\/www.gelatoladies.ee\/wp-content\/uploads\/2025\/12\/IMG_4794-scaled-e1765918092663.jpg","type":"image\/jpeg"}],"twitter_card":"summary_large_image","twitter_misc":{"Arvioitu lukuaika":"1 minuutti"},"schema":{"@context":"https:\/\/schema.org","@graph":[{"@type":"WebPage","@id":"https:\/\/www.gelatoladies.ee\/fi\/tuote\/oreo-ja-mansikka-vadelma-jaatelokakku-kopeeri-kopeeri\/","url":"https:\/\/www.gelatoladies.ee\/fi\/tuote\/oreo-ja-mansikka-vadelma-jaatelokakku-kopeeri-kopeeri\/","name":"Oreo ja mansikka-vadelma j\u00e4\u00e4tel\u00f6kakku (kopeeri) (kopeeri) - Gelato Ladies","isPartOf":{"@id":"https:\/\/www.gelatoladies.ee\/fi\/#website"},"primaryImageOfPage":{"@id":"https:\/\/www.gelatoladies.ee\/fi\/tuote\/oreo-ja-mansikka-vadelma-jaatelokakku-kopeeri-kopeeri\/#primaryimage"},"image":{"@id":"https:\/\/www.gelatoladies.ee\/fi\/tuote\/oreo-ja-mansikka-vadelma-jaatelokakku-kopeeri-kopeeri\/#primaryimage"},"thumbnailUrl":"https:\/\/www.gelatoladies.ee\/wp-content\/uploads\/2025\/12\/IMG_4794-scaled-e1765918092663.jpg","datePublished":"2025-12-16T20:44:05+00:00","dateModified":"2025-12-16T20:48:47+00:00","breadcrumb":{"@id":"https:\/\/www.gelatoladies.ee\/fi\/tuote\/oreo-ja-mansikka-vadelma-jaatelokakku-kopeeri-kopeeri\/#breadcrumb"},"inLanguage":"fi","potentialAction":[{"@type":"ReadAction","target":["https:\/\/www.gelatoladies.ee\/fi\/tuote\/oreo-ja-mansikka-vadelma-jaatelokakku-kopeeri-kopeeri\/"]}]},{"@type":"ImageObject","inLanguage":"fi","@id":"https:\/\/www.gelatoladies.ee\/fi\/tuote\/oreo-ja-mansikka-vadelma-jaatelokakku-kopeeri-kopeeri\/#primaryimage","url":"https:\/\/www.gelatoladies.ee\/wp-content\/uploads\/2025\/12\/IMG_4794-scaled-e1765918092663.jpg","contentUrl":"https:\/\/www.gelatoladies.ee\/wp-content\/uploads\/2025\/12\/IMG_4794-scaled-e1765918092663.jpg","width":1920,"height":2560},{"@type":"BreadcrumbList","@id":"https:\/\/www.gelatoladies.ee\/fi\/tuote\/oreo-ja-mansikka-vadelma-jaatelokakku-kopeeri-kopeeri\/#breadcrumb","itemListElement":[{"@type":"ListItem","position":1,"name":"Home","item":"https:\/\/www.gelatoladies.ee\/fi\/etusivu\/"},{"@type":"ListItem","position":2,"name":"Kauppa","item":"https:\/\/www.gelatoladies.ee\/fi\/kauppa\/"},{"@type":"ListItem","position":3,"name":"Oreo ja mansikka-vadelma j\u00e4\u00e4tel\u00f6kakku (kopeeri) (kopeeri)"}]},{"@type":"WebSite","@id":"https:\/\/www.gelatoladies.ee\/fi\/#website","url":"https:\/\/www.gelatoladies.ee\/fi\/","name":"Gelato Ladies","description":"J\u00e4\u00e4tisekohvik Tallinnas","publisher":{"@id":"https:\/\/www.gelatoladies.ee\/fi\/#organization"},"potentialAction":[{"@type":"SearchAction","target":{"@type":"EntryPoint","urlTemplate":"https:\/\/www.gelatoladies.ee\/fi\/?s={search_term_string}"},"query-input":{"@type":"PropertyValueSpecification","valueRequired":true,"valueName":"search_term_string"}}],"inLanguage":"fi"},{"@type":"Organization","@id":"https:\/\/www.gelatoladies.ee\/fi\/#organization","name":"Gelato Ladies","url":"https:\/\/www.gelatoladies.ee\/fi\/","logo":{"@type":"ImageObject","inLanguage":"fi","@id":"https:\/\/www.gelatoladies.ee\/fi\/#\/schema\/logo\/image\/","url":"https:\/\/www.gelatoladies.ee\/wp-content\/uploads\/2024\/04\/gelato-ladies-vektor.svg","contentUrl":"https:\/\/www.gelatoladies.ee\/wp-content\/uploads\/2024\/04\/gelato-ladies-vektor.svg","caption":"Gelato Ladies"},"image":{"@id":"https:\/\/www.gelatoladies.ee\/fi\/#\/schema\/logo\/image\/"}}]}},"_links":{"self":[{"href":"https:\/\/www.gelatoladies.ee\/fi\/wp-json\/wp\/v2\/product\/2117","targetHints":{"allow":["GET"]}}],"collection":[{"href":"https:\/\/www.gelatoladies.ee\/fi\/wp-json\/wp\/v2\/product"}],"about":[{"href":"https:\/\/www.gelatoladies.ee\/fi\/wp-json\/wp\/v2\/types\/product"}],"wp:featuredmedia":[{"embeddable":true,"href":"https:\/\/www.gelatoladies.ee\/fi\/wp-json\/wp\/v2\/media\/2124"}],"wp:attachment":[{"href":"https:\/\/www.gelatoladies.ee\/fi\/wp-json\/wp\/v2\/media?parent=2117"}],"wp:term":[{"taxonomy":"product_brand","embeddable":true,"href":"https:\/\/www.gelatoladies.ee\/fi\/wp-json\/wp\/v2\/product_brand?post=2117"},{"taxonomy":"product_cat","embeddable":true,"href":"https:\/\/www.gelatoladies.ee\/fi\/wp-json\/wp\/v2\/product_cat?post=2117"},{"taxonomy":"product_tag","embeddable":true,"href":"https:\/\/www.gelatoladies.ee\/fi\/wp-json\/wp\/v2\/product_tag?post=2117"}],"curies":[{"name":"wp","href":"https:\/\/api.w.org\/{rel}","templated":true}]}}